{"id":893,"date":"2024-10-30T19:33:30","date_gmt":"2024-10-30T18:33:30","guid":{"rendered":"https:\/\/villapresente.online\/?p=893"},"modified":"2024-12-17T17:05:07","modified_gmt":"2024-12-17T16:05:07","slug":"el-ferrocarril-cantabrico","status":"publish","type":"page","link":"https:\/\/villapresente.online\/?page_id=893","title":{"rendered":"EL FERROCARRIL CANT\u00c1BRICO"},"content":{"rendered":"\n<figure class=\"wp-block-image size-large\"><img loading=\"lazy\" decoding=\"async\" width=\"1024\" height=\"768\" src=\"https:\/\/villapresente.online\/wp-content\/uploads\/2024\/10\/puente-hierro-hor-1024x768.jpg\" alt=\"\" class=\"wp-image-898\" srcset=\"https:\/\/villapresente.online\/wp-content\/uploads\/2024\/10\/puente-hierro-hor-1024x768.jpg 1024w, https:\/\/villapresente.online\/wp-content\/uploads\/2024\/10\/puente-hierro-hor-300x225.jpg 300w, https:\/\/villapresente.online\/wp-content\/uploads\/2024\/10\/puente-hierro-hor-768x576.jpg 768w, https:\/\/villapresente.online\/wp-content\/uploads\/2024\/10\/puente-hierro-hor-1536x1152.jpg 1536w, https:\/\/villapresente.online\/wp-content\/uploads\/2024\/10\/puente-hierro-hor-2048x1536.jpg 2048w\" sizes=\"auto, (max-width: 1024px) 100vw, 1024px\" \/><\/figure>\n\n\n\n<p>El 24 de mayo de 1889 se presenta la solicitud para la concesi\u00f3n de un tranv\u00eda a vapor entre Torrelavega y Cabez\u00f3n de la Sal. El 23 de julio de 1890 se constituye <em>\u201cLa Compa\u00f1\u00eda del Ferrocarril Cant\u00e1brico S.A.\u201d<\/em> que se inaugura el 2 de enero de 1895 con cuatro locomotoras a vapor (Dubs, Glasgow) de 120 toneladas (<em>\u201cPas\u201d, \u201cBesaya\u201d, \u201cSaja\u201d y \u201cNansa\u201d<\/em>). La inolvidable estampa de las lentas locomotoras traqueteando por las orillas del r\u00edo Saja y coordinando sus idas y vueltas con escasa frecuencia a lo largo de los 45 Kms. del recorrido marcaba los ritmos de la vida en los pueblos.<\/p>\n\n\n\n<figure class=\"wp-block-image size-large\"><img loading=\"lazy\" decoding=\"async\" width=\"1024\" height=\"735\" src=\"http:\/\/villapresente.online\/wp-content\/uploads\/2024\/10\/tren-de-vapor-2-1024x735.jpg\" alt=\"\" class=\"wp-image-904\" srcset=\"https:\/\/villapresente.online\/wp-content\/uploads\/2024\/10\/tren-de-vapor-2-1024x735.jpg 1024w, https:\/\/villapresente.online\/wp-content\/uploads\/2024\/10\/tren-de-vapor-2-300x215.jpg 300w, https:\/\/villapresente.online\/wp-content\/uploads\/2024\/10\/tren-de-vapor-2-768x552.jpg 768w, https:\/\/villapresente.online\/wp-content\/uploads\/2024\/10\/tren-de-vapor-2-1536x1103.jpg 1536w, https:\/\/villapresente.online\/wp-content\/uploads\/2024\/10\/tren-de-vapor-2-2048x1471.jpg 2048w\" sizes=\"auto, (max-width: 1024px) 100vw, 1024px\" \/><\/figure>\n\n\n\n<p><a href=\"http:\/\/villapresente.online\/wp-content\/uploads\/2024\/10\/EL-FERROCARRIL-CANTABRICO.pdf\" title=\"\">EL FERROCARRIL CANT\u00c1BRICO PDF<\/a><\/p>\n","protected":false},"excerpt":{"rendered":"<p>El 24 de mayo de 1889 se presenta la solicitud para la concesi\u00f3n de un tranv\u00eda a vapor entre Torrelavega y Cabez\u00f3n de la Sal. El 23 de julio de 1890 se constituye \u201cLa Compa\u00f1\u00eda del Ferrocarril Cant\u00e1brico S.A.\u201d que <a class=\"more-link\" href=\"https:\/\/villapresente.online\/?page_id=893\">Seguir leyendo <span class=\"screen-reader-text\">  EL FERROCARRIL CANT\u00c1BRICO<\/span><span class=\"meta-nav\">&rarr;<\/span><\/a><\/p>\n","protected":false},"author":1,"featured_media":0,"parent":0,"menu_order":7,"comment_status":"closed","ping_status":"closed","template":"","meta":{"om_disable_all_campaigns":false,"_monsterinsights_skip_tracking":false,"_monsterinsights_sitenote_active":false,"_monsterinsights_sitenote_note":"","_monsterinsights_sitenote_category":0,"footnotes":""},"class_list":["post-893","page","type-page","status-publish","hentry"],"aioseo_notices":[],"_links":{"self":[{"href":"https:\/\/villapresente.online\/index.php?rest_route=\/wp\/v2\/pages\/893","targetHints":{"allow":["GET"]}}],"collection":[{"href":"https:\/\/villapresente.online\/index.php?rest_route=\/wp\/v2\/pages"}],"about":[{"href":"https:\/\/villapresente.online\/index.php?rest_route=\/wp\/v2\/types\/page"}],"author":[{"embeddable":true,"href":"https:\/\/villapresente.online\/index.php?rest_route=\/wp\/v2\/users\/1"}],"replies":[{"embeddable":true,"href":"https:\/\/villapresente.online\/index.php?rest_route=%2Fwp%2Fv2%2Fcomments&post=893"}],"version-history":[{"count":6,"href":"https:\/\/villapresente.online\/index.php?rest_route=\/wp\/v2\/pages\/893\/revisions"}],"predecessor-version":[{"id":910,"href":"https:\/\/villapresente.online\/index.php?rest_route=\/wp\/v2\/pages\/893\/revisions\/910"}],"wp:attachment":[{"href":"https:\/\/villapresente.online\/index.php?rest_route=%2Fwp%2Fv2%2Fmedia&parent=893"}],"curies":[{"name":"wp","href":"https:\/\/api.w.org\/{rel}","templated":true}]}}