{"id":880,"date":"2024-09-20T17:29:22","date_gmt":"2024-09-20T15:29:22","guid":{"rendered":"https:\/\/villapresente.online\/?page_id=880"},"modified":"2025-08-17T19:44:59","modified_gmt":"2025-08-17T17:44:59","slug":"colaboradores","status":"publish","type":"page","link":"https:\/\/villapresente.online\/?page_id=880","title":{"rendered":"COLABORADORES"},"content":{"rendered":"\n<p>\u00abvillapresente.online\u00bb es una p\u00e1gina administrada por Francisco Gonz\u00e1lez Montes, pero est\u00e1 abierta a las colaboraciones de todas las personas que quieran compartir aspectos de la historia, la cultura y las tradiciones de nuestro pueblo.<\/p>\n\n\n\n<p><strong><mark style=\"background-color:rgba(0, 0, 0, 0);color:#d1193f\" class=\"has-inline-color\">D. Jos\u00e9 Juanco Linares<\/mark><\/strong><\/p>\n\n\n\n<p><em>Jos\u00e9 Juanco Linares, hijo de Jos\u00e9 \u00c1ngel Juanco G\u00f3mez de la Casa y de \u00c1ngela Linares Ortiz. Nac\u00ed\u00f3 en Torrelavega en 1961, estudia Filosof\u00eda Pura en Madrid en donde ha vivido hasta hace 4 a\u00f1os que ha vuelto a Villapresente. Trabaj\u00f3 haciendo estudios sociol\u00f3gicos en varias empresas hasta que mont\u00f3 su peque\u00f1a empresa dentro de este sector. De ah\u00ed pas\u00f3 a ser Director de Planificaci\u00f3n Estrat\u00e9gica durante 16 a\u00f1os de Ogilvy Espa\u00f1a, una agencia multinacional de publicidad. Desde 2019 sigue haciendo trabajos freelance de Estrategia de Comunicaci\u00f3n y Marcas. En paralelo, desde que acab\u00f3 la carrera ha desarrollado lo que es su vocaci\u00f3n personal, la ense\u00f1anza. Ha impartido e imparte clases en distintos centros y disciplinas: Historia de la filosof\u00eda (COU) Teor\u00eda de la Publicidad, Teor\u00eda de la Cultura, Imagen Corporativa, Comunicaci\u00f3n RSC y Planificaci\u00f3n Estrat\u00e9gica en la Univ. Complutense de Madrid donde sigue dando la \u00faltima asignatura mencionada. Tambi\u00e9n en distintos M\u00e1steres sobre materias semejantes en diversos centros y universidades. Desde hace unos 3 a\u00f1os colabora escribiendo art\u00edculos de opini\u00f3n en el Diario Monta\u00f1\u00e9s.<\/em><\/p>\n\n\n\n<p><a href=\"http:\/\/villapresente.online\/wp-content\/uploads\/2024\/09\/Un-rio-eterno.pdf\" title=\"\">UN R\u00cdO ETERNO<\/a><\/p>\n\n\n\n<p><a href=\"http:\/\/villapresente.online\/wp-content\/uploads\/2025\/08\/El-tio-Joaquin.pdf\" title=\"\">MI TIOPADRINO, CHOLY O JULI\u00c1N, Y MI T\u00cdA MAR\u00cdA<\/a><\/p>\n\n\n\n<p><strong>D. Jes\u00fas Saiz Gonz\u00e1lez<\/strong><\/p>\n\n\n\n<p><em>Es mi sobrino y se encargar\u00e1 de realizar y editar v\u00eddeos de los rincones m\u00e1s representativos de Villapresente, filmados desde el aire con un dron.<\/em><\/p>\n\n\n\n<p><a href=\"http:\/\/villapresente.online\/wp-content\/uploads\/2024\/10\/dron-Pavon.mp4\" title=\"\">EL PAV\u00d3N<\/a><\/p>\n\n\n\n<p><a href=\"http:\/\/villapresente.online\/wp-content\/uploads\/2025\/01\/el-laberinto.mp4\" title=\"\">EL LABERINTO DE VILLAPRESENTE<\/a><\/p>\n","protected":false},"excerpt":{"rendered":"<p>\u00abvillapresente.online\u00bb es una p\u00e1gina administrada por Francisco Gonz\u00e1lez Montes, pero est\u00e1 abierta a las colaboraciones de todas las personas que quieran compartir aspectos de la historia, la cultura y las tradiciones de nuestro pueblo. D. Jos\u00e9 Juanco Linares Jos\u00e9 Juanco <a class=\"more-link\" href=\"https:\/\/villapresente.online\/?page_id=880\">Seguir leyendo <span class=\"screen-reader-text\">  COLABORADORES<\/span><span class=\"meta-nav\">&rarr;<\/span><\/a><\/p>\n","protected":false},"author":1,"featured_media":0,"parent":0,"menu_order":1,"comment_status":"closed","ping_status":"closed","template":"","meta":{"om_disable_all_campaigns":false,"_monsterinsights_skip_tracking":false,"_monsterinsights_sitenote_active":false,"_monsterinsights_sitenote_note":"","_monsterinsights_sitenote_category":0,"footnotes":""},"class_list":["post-880","page","type-page","status-publish","hentry"],"aioseo_notices":[],"_links":{"self":[{"href":"https:\/\/villapresente.online\/index.php?rest_route=\/wp\/v2\/pages\/880","targetHints":{"allow":["GET"]}}],"collection":[{"href":"https:\/\/villapresente.online\/index.php?rest_route=\/wp\/v2\/pages"}],"about":[{"href":"https:\/\/villapresente.online\/index.php?rest_route=\/wp\/v2\/types\/page"}],"author":[{"embeddable":true,"href":"https:\/\/villapresente.online\/index.php?rest_route=\/wp\/v2\/users\/1"}],"replies":[{"embeddable":true,"href":"https:\/\/villapresente.online\/index.php?rest_route=%2Fwp%2Fv2%2Fcomments&post=880"}],"version-history":[{"count":9,"href":"https:\/\/villapresente.online\/index.php?rest_route=\/wp\/v2\/pages\/880\/revisions"}],"predecessor-version":[{"id":1046,"href":"https:\/\/villapresente.online\/index.php?rest_route=\/wp\/v2\/pages\/880\/revisions\/1046"}],"wp:attachment":[{"href":"https:\/\/villapresente.online\/index.php?rest_route=%2Fwp%2Fv2%2Fmedia&parent=880"}],"curies":[{"name":"wp","href":"https:\/\/api.w.org\/{rel}","templated":true}]}}