{"id":73,"date":"2023-10-31T18:50:47","date_gmt":"2023-10-31T17:50:47","guid":{"rendered":"https:\/\/villapresente.online\/?p=73"},"modified":"2025-05-22T11:14:17","modified_gmt":"2025-05-22T09:14:17","slug":"amigos-de-villapresente","status":"publish","type":"page","link":"https:\/\/villapresente.online\/?page_id=73","title":{"rendered":"PRESENTACI\u00d3N"},"content":{"rendered":"\n<p>Villapresente es uno de los doce pueblos del ayuntamiento de Reoc\u00edn. Situado al norte del r\u00edo Saja tiene una poblaci\u00f3n de unos 1300 habitantes. <\/p>\n\n\n\n<p>Cuenta con un enorme patrimonio hist\u00f3rico-art\u00edstico: Es de destacar la Iglesia parroquial de San Juan, que data al menos del siglo XI, con enormes aspectos de inter\u00e9s (escudos, retablos, cementerio, etc.) Tambi\u00e9n mencionaremos la Ermita de Nuestra Se\u00f1ora de la Guarda, la Obra P\u00eda de Escuelas, la Torre Medieval (con proyecto de recuperaci\u00f3n de su estado ruinoso) y distintas casas solariegas como la de los Gonz\u00e1lez Peredo, la de los S\u00e1nchez de la Sierra, la de los Bustamante Tagle, la de los Gonz\u00e1lez Villegas o la de los Ag\u00fcera y Bustamante. Dentro de su territorio, junto al r\u00edo Saja, a\u00fan perviven las ruinas de dos centrales hidroel\u00e9ctricas de principios del XX: \u00abEl Pav\u00f3n\u00bb y \u00abMonta\u00f1a\u00bb; a la primera, intentamos recuperar de su estado ruinoso; en la segunda, aunque a\u00fan sigue funcionando una turbina, necesitar\u00eda alguna conservaci\u00f3n y restauraci\u00f3n. Tiene Villapresente algunos rincones de especial belleza e historia: El Camarao, el Mun\u00edo, el vivero forestal, el Pont\u00f3n y la estaci\u00f3n de Santa Isabel; los barrios de la Ag\u00fcera, el Cristo, la Jerra, la Flor, la Dreda, la Maza, Somaza, los Laureles, el Rociuco&#8230; <\/p>\n\n\n\n<p>Recoger y difundir la historia, la cultura y las tradiciones de nuestro pueblo es el objetivo del proyecto <em>\u00abVillapresente. online\u00bb<\/em>.<\/p>\n\n\n\n<figure class=\"wp-block-gallery has-nested-images columns-default is-cropped wp-block-gallery-1 is-layout-flex wp-block-gallery-is-layout-flex\">\n<figure class=\"wp-block-image size-large\"><img loading=\"lazy\" decoding=\"async\" width=\"1024\" height=\"703\" data-id=\"217\" src=\"https:\/\/villapresente.online\/wp-content\/uploads\/2023\/11\/del-corro2at-1-1024x703.jpg\" alt=\"\" class=\"wp-image-217\" srcset=\"https:\/\/villapresente.online\/wp-content\/uploads\/2023\/11\/del-corro2at-1-1024x703.jpg 1024w, https:\/\/villapresente.online\/wp-content\/uploads\/2023\/11\/del-corro2at-1-300x206.jpg 300w, https:\/\/villapresente.online\/wp-content\/uploads\/2023\/11\/del-corro2at-1-768x528.jpg 768w, https:\/\/villapresente.online\/wp-content\/uploads\/2023\/11\/del-corro2at-1-1536x1055.jpg 1536w, https:\/\/villapresente.online\/wp-content\/uploads\/2023\/11\/del-corro2at-1-2048x1407.jpg 2048w\" sizes=\"auto, (max-width: 1024px) 100vw, 1024px\" \/><\/figure>\n<\/figure>\n\n\n\n<p><strong><mark style=\"background-color:rgba(0, 0, 0, 0);color:#a62741\" class=\"has-inline-color\">Administrador: Francisco Gonz\u00e1lez Montes<\/mark><\/strong><\/p>\n\n\n\n<p><strong>Fecha de Nacimiento<\/strong>: 29 \u201303 \u2013 51<\/p>\n\n\n\n<p><strong>Domicilio<\/strong>: Los Laureles 154&nbsp; Villapresente (Reoc\u00edn) 39539<\/p>\n\n\n\n<p><strong>Tno<\/strong>. 942-820113     Y      622945089<\/p>\n\n\n\n<p><strong>D.N.I.<\/strong>&nbsp;13.882.175 L<\/p>\n\n\n\n<p><strong>Profesi\u00f3n<\/strong>: Maestro Nacional: Acceso directo (Plan 1967)<\/p>\n\n\n\n<p>&nbsp;&nbsp;&nbsp;&nbsp;&nbsp;&nbsp;&nbsp;&nbsp;&nbsp;&nbsp;&nbsp;&nbsp;&nbsp;&nbsp;&nbsp;&nbsp;&nbsp; Jubilado en el&nbsp; 2011<\/p>\n\n\n\n<p><strong>Especialidades<\/strong>: Lengua y Literatura Castellana en el primer ciclo de Educaci\u00f3n Secundaria Obligatoria. Est\u00e1 igualmente habilitado para impartir Geograf\u00eda e Historia y Educaci\u00f3n F\u00edsica.<\/p>\n\n\n\n<p><strong>Destinos :&nbsp;<\/strong>1 curso en la escuela unitaria de Helguera (Reoc\u00edn), 1 curso en la escuela unitaria de&nbsp; Herrera de Ibio (Mazcuerras), 1 curso en el colegio \u201cSitges\u201d de Puente San Miguel (Reoc\u00edn), 1 curso en el colegio \u201cCervantes\u201d de Torrelavega, 27 cursos en el colegio \u201cPancho Cossio\u201d de Sierrapando (Torrelavega) siendo Jefe de Estudios durante 12 a\u00f1os, 11 cursos en el\u201cIES Garcilaso de&nbsp;la Vega\u201d&nbsp; Torrelavega desde el a\u00f1o 2002.<\/p>\n\n\n\n<p><strong>Premios<\/strong>:&nbsp;<\/p>\n\n\n\n<p>&#8211;&nbsp;&nbsp;&nbsp;&nbsp;&nbsp;&nbsp;&nbsp;&nbsp;&nbsp;&nbsp;&nbsp;&nbsp;&nbsp;&nbsp;&nbsp;&nbsp;&nbsp;&nbsp;&nbsp;&nbsp;&nbsp;&nbsp;&nbsp;&nbsp;&nbsp;&nbsp;&nbsp;&nbsp;&nbsp;&nbsp;Primer&nbsp; premio&nbsp; regional&nbsp; 1997&nbsp; de&nbsp; innovaci\u00f3n&nbsp; educativa&nbsp; con&nbsp; motivo&nbsp; del&nbsp;&nbsp;&nbsp;&nbsp; centenario de la fundaci\u00f3n de&nbsp;la Escuela&nbsp;de Magisterio de Santander.<\/p>\n\n\n\n<p>&#8211;&nbsp;&nbsp;&nbsp;&nbsp;&nbsp;&nbsp;&nbsp;&nbsp;&nbsp;&nbsp;&nbsp;&nbsp;&nbsp;&nbsp;&nbsp;&nbsp;&nbsp;&nbsp;&nbsp;&nbsp;&nbsp;&nbsp;&nbsp;&nbsp;&nbsp;&nbsp;&nbsp;&nbsp;&nbsp;&nbsp;Primer premio nacional de innovaci\u00f3n educativa 1997 por el proyecto \u201cAltamira\u201d; con una reproducci\u00f3n en el \u201c C.P. Pancho Cossio\u201d de la sala de los pol\u00edcromos.<\/p>\n\n\n\n<p>&#8211;&nbsp;&nbsp;&nbsp;&nbsp;&nbsp;&nbsp;&nbsp;&nbsp;&nbsp;&nbsp;&nbsp;&nbsp;&nbsp;&nbsp;&nbsp;&nbsp;&nbsp;&nbsp;&nbsp;&nbsp;&nbsp;&nbsp;&nbsp;&nbsp;&nbsp;&nbsp;&nbsp;&nbsp;&nbsp;&nbsp;Menci\u00f3n honor\u00edfica de&nbsp;la UNESCO&nbsp;en 1998 por sus m\u00e9todos de ense\u00f1anza.<\/p>\n\n\n\n<p>&#8211;&nbsp;&nbsp;&nbsp;&nbsp;&nbsp;&nbsp;&nbsp;&nbsp;&nbsp;&nbsp;&nbsp;&nbsp;&nbsp;&nbsp;&nbsp;&nbsp;&nbsp;&nbsp;&nbsp;&nbsp;&nbsp;&nbsp;&nbsp;&nbsp;&nbsp;&nbsp;&nbsp;&nbsp;&nbsp;&nbsp;Primer premio nacional de innovaci\u00f3n educativa 2000 por \u201cel Proyecto Arcos\u201d sobre difusi\u00f3n del patrimonio de Cantabria a nivel escolar.<\/p>\n\n\n\n<p><strong>Publicaciones:<\/strong><\/p>\n\n\n\n<p><em><u>Altamira<\/u><\/em>&nbsp;&nbsp;&nbsp;&nbsp;&nbsp;&nbsp;&nbsp;&nbsp;&nbsp;&nbsp;&nbsp;&nbsp;&nbsp;&nbsp;&nbsp;&nbsp;&nbsp;&nbsp;&nbsp;&nbsp;&nbsp;&nbsp;&nbsp;&nbsp;&nbsp;&nbsp;&nbsp;&nbsp;&nbsp;&nbsp;&nbsp;&nbsp;&nbsp;&nbsp;&nbsp;&nbsp;&nbsp;&nbsp;&nbsp;&nbsp;&nbsp;&nbsp;&nbsp;&nbsp;&nbsp;&nbsp;&nbsp;&nbsp;&nbsp;&nbsp;&nbsp;&nbsp;&nbsp;&nbsp;&nbsp;&nbsp; Edita: \u201cAyuntamiento de Santander\u201d (1996)<\/p>\n\n\n\n<p>Cuento infantil<\/p>\n\n\n\n<p><em><u>Proyecto Altamira<\/u><\/em>.&nbsp;&nbsp;&nbsp;&nbsp;&nbsp;&nbsp;&nbsp;&nbsp;&nbsp;&nbsp;&nbsp;&nbsp;&nbsp;&nbsp;&nbsp;&nbsp;&nbsp;&nbsp;&nbsp;&nbsp;&nbsp;&nbsp;&nbsp;&nbsp;&nbsp;&nbsp;&nbsp;&nbsp;&nbsp;&nbsp;&nbsp;&nbsp; Edita: CIDE&nbsp; y&nbsp; Consejer\u00eda de Educaci\u00f3n (1998)<\/p>\n\n\n\n<p>Consta de una gu\u00eda did\u00e1ctica para el profesorado y cuatro unidades did\u00e1cticas.<\/p>\n\n\n\n<p><em><u>Altamira, la cueva m\u00e1gica<\/u><\/em>&nbsp;&nbsp;&nbsp;&nbsp;&nbsp;&nbsp;&nbsp;&nbsp;&nbsp;&nbsp;&nbsp;&nbsp;&nbsp;&nbsp;&nbsp; &nbsp;&nbsp;&nbsp;&nbsp;&nbsp;&nbsp;&nbsp;&nbsp;&nbsp;&nbsp;&nbsp;&nbsp;&nbsp;&nbsp;&nbsp;&nbsp;&nbsp;&nbsp;&nbsp;&nbsp;&nbsp;&nbsp;&nbsp;&nbsp;&nbsp;&nbsp;&nbsp;&nbsp;&nbsp;&nbsp;&nbsp;&nbsp;&nbsp;&nbsp;&nbsp;&nbsp;&nbsp;&nbsp;&nbsp;&nbsp;Edita: \u201cQuinza\u00f1os\u201d (1999)&nbsp;&nbsp;&nbsp;&nbsp;&nbsp;&nbsp;&nbsp;&nbsp;&nbsp;&nbsp;&nbsp;&nbsp;&nbsp;&nbsp;&nbsp;&nbsp;<\/p>\n\n\n\n<p>Novela juvenil ilustrada.<\/p>\n\n\n\n<p><em><u>Desplegable \u201cAltamira<\/u><\/em>\u201d&nbsp;&nbsp;&nbsp;&nbsp;&nbsp;&nbsp;&nbsp;&nbsp;&nbsp;&nbsp;&nbsp;&nbsp;&nbsp;&nbsp;&nbsp;&nbsp;&nbsp;&nbsp;&nbsp;&nbsp;&nbsp;&nbsp;&nbsp;&nbsp;&nbsp;&nbsp;&nbsp;&nbsp;&nbsp;&nbsp;&nbsp;&nbsp;&nbsp;&nbsp;&nbsp;&nbsp;&nbsp;&nbsp;&nbsp;&nbsp;&nbsp;&nbsp;&nbsp;&nbsp;&nbsp;&nbsp;&nbsp;&nbsp;&nbsp;&nbsp;&nbsp;&nbsp;&nbsp;&nbsp;&nbsp;&nbsp;&nbsp; Edita: \u201cQuinza\u00f1os\u201d&nbsp; (2001)<\/p>\n\n\n\n<p>Recortable y desplegable&nbsp; con dos composiciones sobre el ecosistema y la cueva de Altamira.<\/p>\n\n\n\n<p><em><u>CD sobre el \u201cProyecto Arcos\u201d<\/u><\/em>&nbsp;&nbsp;&nbsp; Edita: Ministerio de Educaci\u00f3n y Ciencia (CIDE 2002)<\/p>\n\n\n\n<p>CD interactivo sobre los materiales del proyecto ganador del primer premio nacional de innovaci\u00f3n educativa 2000.<\/p>\n\n\n\n<p><em><u>Torrelavega, mi ciudad<\/u><\/em>&nbsp;&nbsp;&nbsp;&nbsp;&nbsp;&nbsp;&nbsp;&nbsp;&nbsp;&nbsp;&nbsp;&nbsp;&nbsp;&nbsp;&nbsp;&nbsp;&nbsp;&nbsp;&nbsp;&nbsp;&nbsp;&nbsp;&nbsp;&nbsp;&nbsp;&nbsp;&nbsp;&nbsp; Edita: \u201cAyuntamiento de Torrelavega\u201d (2002)<\/p>\n\n\n\n<p>Guia did\u00e1ctica de Torrelavega.<\/p>\n\n\n\n<p><em><u>Puertas de Cantabria<\/u><\/em>&nbsp;&nbsp;&nbsp;&nbsp;&nbsp;&nbsp;&nbsp;&nbsp;&nbsp;&nbsp;&nbsp;&nbsp;&nbsp;&nbsp;&nbsp;&nbsp;&nbsp;&nbsp;&nbsp;&nbsp;&nbsp;&nbsp;&nbsp;&nbsp;&nbsp;&nbsp;&nbsp;&nbsp;&nbsp;&nbsp;&nbsp;&nbsp;&nbsp;&nbsp;&nbsp;&nbsp;&nbsp;&nbsp;&nbsp;&nbsp;&nbsp;&nbsp;&nbsp;&nbsp;&nbsp;&nbsp;&nbsp; Edita: Consejer\u00eda de Cultura (2004)<\/p>\n\n\n\n<p>Fotograf\u00edas, descripciones y poemas sobre las puertas m\u00e1s representativas de Cantabria.<\/p>\n\n\n\n<p><em><u>Vado, el cantabro y Marco, el romano<\/u><\/em>&nbsp;&nbsp;&nbsp; Edita: \u201cGuerras c\u00e1ntabras\u201d (Los Corrales 2005)<\/p>\n\n\n\n<p>Gu\u00eda did\u00e1ctica sobre \u201clas guerras cantabras\u201d&nbsp; que se celebran cada a\u00f1o a comienzos de septiembre en los Corrales de Buelna.<\/p>\n\n\n\n<p><em><u>Gu\u00eda did\u00e1ctica de&nbsp;la Mina&nbsp;de Reoc\u00edn.<\/u><\/em>&nbsp;&nbsp; Edita: Ayuntamiento de Reoc\u00edn (2010)<\/p>\n\n\n\n<p>Guia did\u00e1ctica sobre la mina de Reoc\u00edn: historia, descripci\u00f3n y actividades.<\/p>\n\n\n\n<p><em><u>Reoc\u00edn, mi municipio:&nbsp;<\/u><\/em>&nbsp;Edita consejer\u00eda de Educaci\u00f3n (2011)<\/p>\n\n\n\n<p>Guia did\u00e1ctica sobre el municipio de Reoc\u00edn: historia, descripci\u00f3n y actividades.<\/p>\n\n\n\n<p><strong>Proyectos actuales:<\/strong><\/p>\n\n\n\n<p><em><u>\u201cVillapresente en la memoria\u201d<\/u><\/em><\/p>\n\n\n\n<p><em>Es un proyecto que nace de la necesidad de recuperar la historia, la cultura y las tradiciones de nuestro pueblo, y pretendemos hacerlo desde la recuperaci\u00f3n de los recuerdos que cada vecino conserva.<\/em><\/p>\n\n\n\n<p><em>&nbsp;&nbsp;&nbsp;&nbsp;&nbsp;&nbsp;&nbsp;&nbsp;&nbsp;&nbsp;&nbsp; Plasmar toda la informaci\u00f3n que alcancemos en soportes de papel y digital. Adem\u00e1s, y en funci\u00f3n del material que encontremos, realizaremos foros, mesas redondas, homenajes, etc.<\/em><\/p>\n\n\n\n<p>&nbsp;&nbsp;&nbsp;&nbsp;&nbsp;&nbsp;&nbsp;&nbsp;&nbsp;&nbsp;&nbsp; Con dos publicaciones con motivo del homenaje a dos de sus maestros:<\/p>\n\n\n\n<p>-\u201cObra po\u00e9tica completa de Matilde G. de&nbsp;la Serna\u201d (2009)&nbsp;<\/p>\n\n\n\n<p>-\u201cSaiz l\u00f3pez, Jos\u00e9. Un maestro, una vida\u2026\u201d<\/p>\n\n\n\n<p>\u00a0\u00a0\u00a0\u00a0\u00a0\u00a0\u00a0\u00a0\u00a0\u00a0\u00a0 Ambos publicados por el Ayuntamiento de Reoc\u00edn.<\/p>\n\n\n\n<p><strong><mark style=\"background-color:rgba(0, 0, 0, 0);color:#d17119\" class=\"has-inline-color\">\u00abvillapresente.online\u00bb<\/mark><\/strong><\/p>\n","protected":false},"excerpt":{"rendered":"<p>Villapresente es uno de los doce pueblos del ayuntamiento de Reoc\u00edn. Situado al norte del r\u00edo Saja tiene una poblaci\u00f3n de unos 1300 habitantes. Cuenta con un enorme patrimonio hist\u00f3rico-art\u00edstico: Es de destacar la Iglesia parroquial de San Juan, que <a class=\"more-link\" href=\"https:\/\/villapresente.online\/?page_id=73\">Seguir leyendo <span class=\"screen-reader-text\">  PRESENTACI\u00d3N<\/span><span class=\"meta-nav\">&rarr;<\/span><\/a><\/p>\n","protected":false},"author":1,"featured_media":0,"parent":0,"menu_order":0,"comment_status":"closed","ping_status":"open","template":"","meta":{"om_disable_all_campaigns":false,"_monsterinsights_skip_tracking":false,"_monsterinsights_sitenote_active":false,"_monsterinsights_sitenote_note":"","_monsterinsights_sitenote_category":0,"footnotes":""},"class_list":["post-73","page","type-page","status-publish","hentry"],"aioseo_notices":[],"_links":{"self":[{"href":"https:\/\/villapresente.online\/index.php?rest_route=\/wp\/v2\/pages\/73","targetHints":{"allow":["GET"]}}],"collection":[{"href":"https:\/\/villapresente.online\/index.php?rest_route=\/wp\/v2\/pages"}],"about":[{"href":"https:\/\/villapresente.online\/index.php?rest_route=\/wp\/v2\/types\/page"}],"author":[{"embeddable":true,"href":"https:\/\/villapresente.online\/index.php?rest_route=\/wp\/v2\/users\/1"}],"replies":[{"embeddable":true,"href":"https:\/\/villapresente.online\/index.php?rest_route=%2Fwp%2Fv2%2Fcomments&post=73"}],"version-history":[{"count":10,"href":"https:\/\/villapresente.online\/index.php?rest_route=\/wp\/v2\/pages\/73\/revisions"}],"predecessor-version":[{"id":1036,"href":"https:\/\/villapresente.online\/index.php?rest_route=\/wp\/v2\/pages\/73\/revisions\/1036"}],"wp:attachment":[{"href":"https:\/\/villapresente.online\/index.php?rest_route=%2Fwp%2Fv2%2Fmedia&parent=73"}],"curies":[{"name":"wp","href":"https:\/\/api.w.org\/{rel}","templated":true}]}}