{"id":711,"date":"2024-02-19T17:25:29","date_gmt":"2024-02-19T16:25:29","guid":{"rendered":"https:\/\/villapresente.online\/?p=711"},"modified":"2024-03-04T12:39:28","modified_gmt":"2024-03-04T11:39:28","slug":"toponimia-3","status":"publish","type":"page","link":"https:\/\/villapresente.online\/?page_id=711","title":{"rendered":"TOPONIMIA"},"content":{"rendered":"\n<p>Se define la toponimia como el conjunto de los nombres de un pa\u00eds o una regi\u00f3n, siendo a trav\u00e9s de las escrituras y documentos la forma m\u00e1s fiable de guardar memoria de ellos, pero en el d\u00eda a d\u00eda de cada pueblo sus habitantes modifican la ubicaci\u00f3n y los nombres de sus m\u00faltiples fincas y lugares, siendo muy habitual que una propiedad tome el nombre de alguno de sus due\u00f1os o de un echo sucedido all\u00ed: \u201cla fuente de Gallo\u201d, donada por Francisco Gallo, \u201cla casa quemada\u201d, \u201cla casa de Veneranda\u201d \u2026<\/p>\n\n\n\n<p>Cuando los viejos de un lugar mueren se llevan consigo sus recuerdos y los vivos confundimos y modificamos constantemente la toponimia de nuestros pueblos.<\/p>\n\n\n\n<p>\u00bfSab\u00e9is d\u00f3nde est\u00e1n \u201cJundriones\u201d, \u201cSojerran\u201d, \u201cMies de Paj\u00f3n\u201d, \u201cLloseros\u201d, \u201cEl Pozo de las Llamas\u201d, \u201cLa Cuesta de Sobreb\u00e1rcena\u201d, \u201cLa Casta\u00f1era del Monte\u201d, \u201cLa Fuente de la Salud\u201d, \u201cLa Finca de Santos\u201d, \u201cEl Pindial\u201d, \u00a8La Picuda\u201d, \u201cLas Vi\u00f1as\u201d, \u201cLa Playa\u201d?<\/p>\n\n\n\n<p>Nuestros abuelos s\u00ed lo sab\u00edan, pero su uso se ha perdido y solo consta en los documentos.<\/p>\n\n\n\n<p>Algunos top\u00f3nimos los hemos modificado: \u201cLadrea\u201d antes era \u201cLadreda\u201d, \u201cLa Gerra\u201d se escribe con \u201cJ\u201d y en ese af\u00e1n de no olvidar los top\u00f3nimos se instalan carteles en los que no todos estamos de acuerdo.<\/p>\n\n\n\n<p>Como me estoy convirtiendo en uno de los m\u00e1s viejos del pueblo, quiero aportar mi granito de arena en este documento que recoge mis recuerdos sobre nombres de edificios importantes, lugares, barrios, fuentes, manantiales, arroyos, urbanizaciones nuevas\u2026<\/p>\n\n\n\n<figure class=\"wp-block-image size-full\"><a href=\"http:\/\/villapresente.online\/wp-content\/uploads\/2024\/02\/TOPONIMIA.pdf\"><img loading=\"lazy\" decoding=\"async\" width=\"773\" height=\"473\" src=\"http:\/\/villapresente.online\/wp-content\/uploads\/2024\/02\/Toponimia.png\" alt=\"\" class=\"wp-image-712\" srcset=\"https:\/\/villapresente.online\/wp-content\/uploads\/2024\/02\/Toponimia.png 773w, https:\/\/villapresente.online\/wp-content\/uploads\/2024\/02\/Toponimia-300x184.png 300w, https:\/\/villapresente.online\/wp-content\/uploads\/2024\/02\/Toponimia-768x470.png 768w\" sizes=\"auto, (max-width: 773px) 100vw, 773px\" \/><\/a><\/figure>\n\n\n\n<p>PULSAR LA FOTOGRAF\u00cdA PARA ABRIR EL PDF<\/p>\n","protected":false},"excerpt":{"rendered":"<p>Se define la toponimia como el conjunto de los nombres de un pa\u00eds o una regi\u00f3n, siendo a trav\u00e9s de las escrituras y documentos la forma m\u00e1s fiable de guardar memoria de ellos, pero en el d\u00eda a d\u00eda de <a class=\"more-link\" href=\"https:\/\/villapresente.online\/?page_id=711\">Seguir leyendo <span class=\"screen-reader-text\">  TOPONIMIA<\/span><span class=\"meta-nav\">&rarr;<\/span><\/a><\/p>\n","protected":false},"author":1,"featured_media":0,"parent":0,"menu_order":10,"comment_status":"closed","ping_status":"closed","template":"","meta":{"om_disable_all_campaigns":false,"_monsterinsights_skip_tracking":false,"_monsterinsights_sitenote_active":false,"_monsterinsights_sitenote_note":"","_monsterinsights_sitenote_category":0,"footnotes":""},"class_list":["post-711","page","type-page","status-publish","hentry"],"aioseo_notices":[],"_links":{"self":[{"href":"https:\/\/villapresente.online\/index.php?rest_route=\/wp\/v2\/pages\/711","targetHints":{"allow":["GET"]}}],"collection":[{"href":"https:\/\/villapresente.online\/index.php?rest_route=\/wp\/v2\/pages"}],"about":[{"href":"https:\/\/villapresente.online\/index.php?rest_route=\/wp\/v2\/types\/page"}],"author":[{"embeddable":true,"href":"https:\/\/villapresente.online\/index.php?rest_route=\/wp\/v2\/users\/1"}],"replies":[{"embeddable":true,"href":"https:\/\/villapresente.online\/index.php?rest_route=%2Fwp%2Fv2%2Fcomments&post=711"}],"version-history":[{"count":3,"href":"https:\/\/villapresente.online\/index.php?rest_route=\/wp\/v2\/pages\/711\/revisions"}],"predecessor-version":[{"id":718,"href":"https:\/\/villapresente.online\/index.php?rest_route=\/wp\/v2\/pages\/711\/revisions\/718"}],"wp:attachment":[{"href":"https:\/\/villapresente.online\/index.php?rest_route=%2Fwp%2Fv2%2Fmedia&parent=711"}],"curies":[{"name":"wp","href":"https:\/\/api.w.org\/{rel}","templated":true}]}}