{"id":334,"date":"2023-11-20T11:09:39","date_gmt":"2023-11-20T10:09:39","guid":{"rendered":"https:\/\/villapresente.online\/?page_id=334"},"modified":"2024-08-13T20:18:10","modified_gmt":"2024-08-13T18:18:10","slug":"documentos-historicos","status":"publish","type":"page","link":"https:\/\/villapresente.online\/?page_id=334","title":{"rendered":"DOCUMENTOS"},"content":{"rendered":"\n<p>En el a\u00f1o 2.008, junto con mi amigo Santiago Alutiz emprendimos un proyecto que con el nombre de \u201cVillapresente en la memoria\u201d ten\u00eda como objetivo recuperar la historia, la tradici\u00f3n y la cultura de nuestro querido pueblo, Villapresente.<\/p>\n\n\n\n<p>Al principio, fuimos coleccionistas de fotos. Gracias a la generosa colaboraci\u00f3n de nuestros vecinos fuimos guardando en nuestro \u00e1lbum y en nuestra memoria las fotos m\u00e1s entra\u00f1ables de&nbsp;cada familia, intentando ponerles nombre a todos los personajes que convivieron con ellos.<\/p>\n\n\n\n<p>Poco a poco, la curiosidad de conocer m\u00e1s de nuestro pasado nos fue animando a hablar con los m\u00e1s viejos del lugar: Arturo Lasarte y su mujer Quina, Pepe y Nisia, mis t\u00edos Manolo y Nando, los Noriega, los Fern\u00e1ndez, los S\u00e1nchez Sierra, los Lled\u00edas, los Pedrajo, los Mira, los Saiz Lia\u00f1o\u2026recogiendo su legado familiar.<\/p>\n\n\n\n<p>Nos dimos cuenta de que la historia un poco m\u00e1s lejana se nos escapaba de la tradici\u00f3n oral y ten\u00edamos que buscar en los documentos escritos para iniciar una labor investigadora.<\/p>\n\n\n\n<figure class=\"wp-block-image size-large\"><img loading=\"lazy\" decoding=\"async\" width=\"1024\" height=\"768\" src=\"https:\/\/villapresente.online\/wp-content\/uploads\/2023\/11\/archivo-Ayunt-1-1-1024x768.jpg\" alt=\"\" class=\"wp-image-335\" srcset=\"https:\/\/villapresente.online\/wp-content\/uploads\/2023\/11\/archivo-Ayunt-1-1-1024x768.jpg 1024w, https:\/\/villapresente.online\/wp-content\/uploads\/2023\/11\/archivo-Ayunt-1-1-300x225.jpg 300w, https:\/\/villapresente.online\/wp-content\/uploads\/2023\/11\/archivo-Ayunt-1-1-768x576.jpg 768w, https:\/\/villapresente.online\/wp-content\/uploads\/2023\/11\/archivo-Ayunt-1-1-1536x1152.jpg 1536w, https:\/\/villapresente.online\/wp-content\/uploads\/2023\/11\/archivo-Ayunt-1-1-2048x1536.jpg 2048w\" sizes=\"auto, (max-width: 1024px) 100vw, 1024px\" \/><\/figure>\n\n\n\n<p><a href=\"http:\/\/villapresente.online\/wp-content\/uploads\/2023\/11\/DOCUMENTOS-HISTORICOS-2.pdf\" title=\"\">DOCUMENTOS HIST\u00d3RICOS PDF<\/a><\/p>\n\n\n\n<p><a href=\"http:\/\/villapresente.online\/wp-content\/uploads\/2023\/11\/Villapresente-1097-1.pdf\" title=\"\">PRIMER DOCUMENTO DE VILLAPRESENTE PDF<\/a><\/p>\n\n\n\n<p><a href=\"http:\/\/villapresente.online\/wp-content\/uploads\/2023\/11\/Libro-EP-Ruiz-de-Peredo-1.pdf\" title=\"\">OBRA P\u00cdA DE FRANCISCO RUIZ DE PEREDO PDF<\/a><\/p>\n\n\n\n<p><a href=\"http:\/\/villapresente.online\/wp-content\/uploads\/2023\/11\/El-Valle-de-Reocin-Ruiz-de-Salazar.pdf\" title=\"\">LIBRO DE D. JULIO RUIZ DE SALAZAR<\/a><\/p>\n\n\n\n<p><a href=\"http:\/\/villapresente.online\/wp-content\/uploads\/2023\/12\/Libro-de-Concejo-de-Villapresente-cm-ano-1827-np.pdf\" title=\"\">LIBRO DE ACTAS DEL CONCEJO<\/a><\/p>\n\n\n\n<p><a href=\"http:\/\/villapresente.online\/wp-content\/uploads\/2023\/12\/Catastro-La-Ensenada-completo-1753-1754.pdf\" title=\"\">CATASTRO DEL MARQU\u00c9S DE LA ENSENADA 1750-1754<\/a><\/p>\n\n\n\n<p><a href=\"http:\/\/villapresente.online\/wp-content\/uploads\/2023\/12\/Libro-de-Cuentas-de-la-JV-anos-1950-a-1989.pdf\" title=\"\">LIBRO DE CUENTAS DE LA JUNTA VECINAL DESDE 1950<\/a><\/p>\n\n\n\n<p><a href=\"http:\/\/villapresente.online\/wp-content\/uploads\/2023\/12\/PADRON-DE-HIJOSDEALGO-r.pdf\" title=\"\">LA HIDALGU\u00cdA EN EL VALLE DE REOC\u00cdN  XVI-XIX  Ortiz Real<\/a><\/p>\n\n\n\n<p><a href=\"http:\/\/villapresente.online\/wp-content\/uploads\/2023\/12\/Reocin-Javier-Ortiz.pdf\" title=\"\">REOC\u00cdN: SUS PUEBLOS Y SU HISTORIA  Ortiz Real<\/a><\/p>\n\n\n\n<p><a href=\"VILLAPRESENTE: Notas para su historia  Ortiz Real\" title=\"http:\/\/villapresente.online\/wp-content\/uploads\/2023\/12\/Villapresente-notas-historia-r.pdf\">VILLAPRESENTE: Notas para su historia  Ortiz Real<\/a><\/p>\n\n\n\n<p><a href=\"http:\/\/villapresente.online\/wp-content\/uploads\/2023\/12\/TESTAMENTO-DE-Mo-LUISA-RUIZ-DE-PEREDO-Y-POLANCO.pdf\" title=\"\">TESTAMENTO DE MAR\u00cdA LUISA RUIZ DE PEREDO<\/a><\/p>\n\n\n\n<p><a href=\"http:\/\/villapresente.online\/wp-content\/uploads\/2024\/08\/Censos^J-padrones-y-vecindarios-de-Villapresente-PDF.pdf\" title=\"\">INDICE DE PADRONES Y VECINDARIOS DE VILLAPRESENTE<\/a><\/p>\n","protected":false},"excerpt":{"rendered":"<p>En el a\u00f1o 2.008, junto con mi amigo Santiago Alutiz emprendimos un proyecto que con el nombre de \u201cVillapresente en la memoria\u201d ten\u00eda como objetivo recuperar la historia, la tradici\u00f3n y la cultura de nuestro querido pueblo, Villapresente. Al principio, <a class=\"more-link\" href=\"https:\/\/villapresente.online\/?page_id=334\">Seguir leyendo <span class=\"screen-reader-text\">  DOCUMENTOS<\/span><span class=\"meta-nav\">&rarr;<\/span><\/a><\/p>\n","protected":false},"author":1,"featured_media":0,"parent":0,"menu_order":1,"comment_status":"closed","ping_status":"closed","template":"","meta":{"om_disable_all_campaigns":false,"_monsterinsights_skip_tracking":false,"_monsterinsights_sitenote_active":false,"_monsterinsights_sitenote_note":"","_monsterinsights_sitenote_category":0,"footnotes":""},"class_list":["post-334","page","type-page","status-publish","hentry"],"aioseo_notices":[],"_links":{"self":[{"href":"https:\/\/villapresente.online\/index.php?rest_route=\/wp\/v2\/pages\/334","targetHints":{"allow":["GET"]}}],"collection":[{"href":"https:\/\/villapresente.online\/index.php?rest_route=\/wp\/v2\/pages"}],"about":[{"href":"https:\/\/villapresente.online\/index.php?rest_route=\/wp\/v2\/types\/page"}],"author":[{"embeddable":true,"href":"https:\/\/villapresente.online\/index.php?rest_route=\/wp\/v2\/users\/1"}],"replies":[{"embeddable":true,"href":"https:\/\/villapresente.online\/index.php?rest_route=%2Fwp%2Fv2%2Fcomments&post=334"}],"version-history":[{"count":42,"href":"https:\/\/villapresente.online\/index.php?rest_route=\/wp\/v2\/pages\/334\/revisions"}],"predecessor-version":[{"id":892,"href":"https:\/\/villapresente.online\/index.php?rest_route=\/wp\/v2\/pages\/334\/revisions\/892"}],"wp:attachment":[{"href":"https:\/\/villapresente.online\/index.php?rest_route=%2Fwp%2Fv2%2Fmedia&parent=334"}],"curies":[{"name":"wp","href":"https:\/\/api.w.org\/{rel}","templated":true}]}}