{"id":330,"date":"2023-11-20T10:45:44","date_gmt":"2023-11-20T09:45:44","guid":{"rendered":"https:\/\/villapresente.online\/?page_id=330"},"modified":"2023-11-29T16:48:59","modified_gmt":"2023-11-29T15:48:59","slug":"la-casa-del-monio","status":"publish","type":"page","link":"https:\/\/villapresente.online\/?page_id=330","title":{"rendered":"LA CASA DEL MONIO"},"content":{"rendered":"\n<p>Existe en la zona baja de Villapresente una mies llamada de las Puentes por cuya planicie discurre un arroyo nacido en la cueva abierta al pie de la cuesta de los Pellejeros. Actualmente conocemos al arroyo y al lugar que se extiende a sus m\u00e1rgenes como \u201cel Mun\u00edo\u201d, aunque en muchos textos anteriores tambi\u00e9n se le llama \u201cMon\u00edo\u201d.<\/p>\n\n\n\n<p>A escasos metros de la cueva y del arroyo hab\u00eda una casa solariega de dos plantas armadas en piedra de mamposter\u00eda con esquinales&nbsp; de siller\u00eda, profundo soportal con arco de medio punto al centro y dos peque\u00f1os ventanales flanque\u00e1ndole; balconada con dos&nbsp; columnas y sencillos tornos, todo de roble; al este, una estrecha escalera daba acceso al piso superior a trav\u00e9s de una puerta cubierta con tejadillo; una corralada cerrada con pared de apenas un metro de alta a la que se acced\u00eda por una sencilla portalada de piedra; y en su l\u00edmite con el camino p\u00fablico, al poniente, un sencillo humilladero, tambi\u00e9n en piedra y cerrado en tornos de madera, demostraba la gran religiosidad de la familia que la habitaba.<\/p>\n\n\n\n<p>\u201cLa casa del Mon\u00edo\u201d se convirti\u00f3 durante m\u00e1s de tres siglos en una de las casonas m\u00e1s importantes del valle. Era la casa de la familia \u201cRuiz de Peredo\u201d.<\/p>\n\n\n\n<figure class=\"wp-block-image size-large\"><img loading=\"lazy\" decoding=\"async\" width=\"1024\" height=\"738\" src=\"https:\/\/villapresente.online\/wp-content\/uploads\/2023\/11\/MONIO-1024x738.jpg\" alt=\"\" class=\"wp-image-331\" srcset=\"https:\/\/villapresente.online\/wp-content\/uploads\/2023\/11\/MONIO-1024x738.jpg 1024w, https:\/\/villapresente.online\/wp-content\/uploads\/2023\/11\/MONIO-300x216.jpg 300w, https:\/\/villapresente.online\/wp-content\/uploads\/2023\/11\/MONIO-768x553.jpg 768w, https:\/\/villapresente.online\/wp-content\/uploads\/2023\/11\/MONIO-1536x1107.jpg 1536w, https:\/\/villapresente.online\/wp-content\/uploads\/2023\/11\/MONIO-2048x1476.jpg 2048w\" sizes=\"auto, (max-width: 1024px) 100vw, 1024px\" \/><\/figure>\n\n\n\n<p><a href=\"http:\/\/villapresente.online\/wp-content\/uploads\/2023\/11\/La-casa-del-Monio-1.pdf\" title=\"\">LA CASA DEL MON\u00cdO PDF<\/a><\/p>\n","protected":false},"excerpt":{"rendered":"<p>Existe en la zona baja de Villapresente una mies llamada de las Puentes por cuya planicie discurre un arroyo nacido en la cueva abierta al pie de la cuesta de los Pellejeros. Actualmente conocemos al arroyo y al lugar que <a class=\"more-link\" href=\"https:\/\/villapresente.online\/?page_id=330\">Seguir leyendo <span class=\"screen-reader-text\">  LA CASA DEL MONIO<\/span><span class=\"meta-nav\">&rarr;<\/span><\/a><\/p>\n","protected":false},"author":1,"featured_media":0,"parent":0,"menu_order":13,"comment_status":"closed","ping_status":"closed","template":"","meta":{"om_disable_all_campaigns":false,"_monsterinsights_skip_tracking":false,"_monsterinsights_sitenote_active":false,"_monsterinsights_sitenote_note":"","_monsterinsights_sitenote_category":0,"footnotes":""},"class_list":["post-330","page","type-page","status-publish","hentry"],"aioseo_notices":[],"_links":{"self":[{"href":"https:\/\/villapresente.online\/index.php?rest_route=\/wp\/v2\/pages\/330","targetHints":{"allow":["GET"]}}],"collection":[{"href":"https:\/\/villapresente.online\/index.php?rest_route=\/wp\/v2\/pages"}],"about":[{"href":"https:\/\/villapresente.online\/index.php?rest_route=\/wp\/v2\/types\/page"}],"author":[{"embeddable":true,"href":"https:\/\/villapresente.online\/index.php?rest_route=\/wp\/v2\/users\/1"}],"replies":[{"embeddable":true,"href":"https:\/\/villapresente.online\/index.php?rest_route=%2Fwp%2Fv2%2Fcomments&post=330"}],"version-history":[{"count":3,"href":"https:\/\/villapresente.online\/index.php?rest_route=\/wp\/v2\/pages\/330\/revisions"}],"predecessor-version":[{"id":508,"href":"https:\/\/villapresente.online\/index.php?rest_route=\/wp\/v2\/pages\/330\/revisions\/508"}],"wp:attachment":[{"href":"https:\/\/villapresente.online\/index.php?rest_route=%2Fwp%2Fv2%2Fmedia&parent=330"}],"curies":[{"name":"wp","href":"https:\/\/api.w.org\/{rel}","templated":true}]}}