{"id":322,"date":"2023-11-18T17:47:45","date_gmt":"2023-11-18T16:47:45","guid":{"rendered":"https:\/\/villapresente.online\/?page_id=322"},"modified":"2025-05-20T11:27:45","modified_gmt":"2025-05-20T09:27:45","slug":"actas-curiosas","status":"publish","type":"page","link":"https:\/\/villapresente.online\/?page_id=322","title":{"rendered":"ACTAS CURIOSAS"},"content":{"rendered":"\n<p>El estudio de las Actas de los Plenos Municipales y de la Comisi\u00f3n Permanente del Ayuntamiento de Reoc\u00edn y de la Junta Administrativa del Concejo de Villapresente supone la lectura de m\u00e1s de diez mil p\u00e1ginas, de las que, en primer lugar, realic\u00e9 una tabla de contenidos y fechas con aquellas que consider\u00e9 m\u00e1s importantes para publicar en \u00abVillapresente.online\u00bb.<\/p>\n\n\n\n<p>De esta manera, me result\u00f3 m\u00e1s f\u00e1cil localizar, transcribir y estudiar temas como las Casas Consistoriales, los alcaldes del Ayuntamiento, las tra\u00eddas de agua, las Fundaciones y Obras P\u00edas; pero ante la lectura de tan ingente contenido de apuntes del Secretario hab\u00eda algunas que me llamaron la atenci\u00f3n por la curiosidad de su redacci\u00f3n o los contenidos anecd\u00f3ticos que trataban. Son lo que yo he denominado \u00abactas curiosas\u00bb.<\/p>\n\n\n\n<figure class=\"wp-block-image size-large\"><img loading=\"lazy\" decoding=\"async\" width=\"1024\" height=\"768\" src=\"https:\/\/villapresente.online\/wp-content\/uploads\/2023\/11\/archivo-Ayunt-3-1024x768.jpg\" alt=\"\" class=\"wp-image-325\" srcset=\"https:\/\/villapresente.online\/wp-content\/uploads\/2023\/11\/archivo-Ayunt-3-1024x768.jpg 1024w, https:\/\/villapresente.online\/wp-content\/uploads\/2023\/11\/archivo-Ayunt-3-300x225.jpg 300w, https:\/\/villapresente.online\/wp-content\/uploads\/2023\/11\/archivo-Ayunt-3-768x576.jpg 768w, https:\/\/villapresente.online\/wp-content\/uploads\/2023\/11\/archivo-Ayunt-3-1536x1152.jpg 1536w, https:\/\/villapresente.online\/wp-content\/uploads\/2023\/11\/archivo-Ayunt-3-2048x1536.jpg 2048w\" sizes=\"auto, (max-width: 1024px) 100vw, 1024px\" \/><figcaption class=\"wp-element-caption\"><strong>Archivo del Ayuntamiento de Reoc\u00edn<\/strong><\/figcaption><\/figure>\n\n\n\n<p><a href=\"http:\/\/villapresente.online\/wp-content\/uploads\/2023\/11\/ACTAS-CURIOSAS-1.pdf\" title=\"\">ACTAS CURIOSAS PDF<\/a><\/p>\n","protected":false},"excerpt":{"rendered":"<p>El estudio de las Actas de los Plenos Municipales y de la Comisi\u00f3n Permanente del Ayuntamiento de Reoc\u00edn y de la Junta Administrativa del Concejo de Villapresente supone la lectura de m\u00e1s de diez mil p\u00e1ginas, de las que, en <a class=\"more-link\" href=\"https:\/\/villapresente.online\/?page_id=322\">Seguir leyendo <span class=\"screen-reader-text\">  ACTAS CURIOSAS<\/span><span class=\"meta-nav\">&rarr;<\/span><\/a><\/p>\n","protected":false},"author":1,"featured_media":0,"parent":0,"menu_order":14,"comment_status":"closed","ping_status":"closed","template":"","meta":{"om_disable_all_campaigns":false,"_monsterinsights_skip_tracking":false,"_monsterinsights_sitenote_active":false,"_monsterinsights_sitenote_note":"","_monsterinsights_sitenote_category":0,"footnotes":""},"class_list":["post-322","page","type-page","status-publish","hentry"],"aioseo_notices":[],"_links":{"self":[{"href":"https:\/\/villapresente.online\/index.php?rest_route=\/wp\/v2\/pages\/322","targetHints":{"allow":["GET"]}}],"collection":[{"href":"https:\/\/villapresente.online\/index.php?rest_route=\/wp\/v2\/pages"}],"about":[{"href":"https:\/\/villapresente.online\/index.php?rest_route=\/wp\/v2\/types\/page"}],"author":[{"embeddable":true,"href":"https:\/\/villapresente.online\/index.php?rest_route=\/wp\/v2\/users\/1"}],"replies":[{"embeddable":true,"href":"https:\/\/villapresente.online\/index.php?rest_route=%2Fwp%2Fv2%2Fcomments&post=322"}],"version-history":[{"count":5,"href":"https:\/\/villapresente.online\/index.php?rest_route=\/wp\/v2\/pages\/322\/revisions"}],"predecessor-version":[{"id":502,"href":"https:\/\/villapresente.online\/index.php?rest_route=\/wp\/v2\/pages\/322\/revisions\/502"}],"wp:attachment":[{"href":"https:\/\/villapresente.online\/index.php?rest_route=%2Fwp%2Fv2%2Fmedia&parent=322"}],"curies":[{"name":"wp","href":"https:\/\/api.w.org\/{rel}","templated":true}]}}