{"id":315,"date":"2024-05-03T16:17:45","date_gmt":"2024-05-03T14:17:45","guid":{"rendered":"https:\/\/villapresente.online\/?page_id=315"},"modified":"2024-06-18T16:50:55","modified_gmt":"2024-06-18T14:50:55","slug":"fuentes-y-manantiales","status":"publish","type":"page","link":"https:\/\/villapresente.online\/?page_id=315","title":{"rendered":"FUENTES Y MANANTIALES"},"content":{"rendered":"\n<p>&nbsp;Con fecha de 28 de Septiembre de 1927 el Alcalde D. Jos\u00e9 Manuel Ruiz Cueto informa sobre la obligaci\u00f3n del Ayuntamiento de resolver el grav\u00edsimo problema del suministro de agua a los pueblos:<\/p>\n\n\n\n<p>\u201c<em>\u2026de todos es conocida la grand\u00edsima necesidad que existe en el de Quijas, Cerrazo y Villapresente de agua potable para su consumo ordinario y sus m\u00e1s perentorias necesidades, dado que en las \u00e9pocas de estiaje carecen de ella casi por completo, teniendo que recorrer como el de Quijas, casi dos kil\u00f3metros para poder proveerse de las necesarias, y en los pueblos de Helguera y Barcenaciones tambi\u00e9n escasean notablemente, y lo que es a\u00fan peor, tienen el agua que emplean para el consumo ordinario libremente sobre la superficie del suelo, llegando a contaminarse en los trayectos que tiene que recorrer, haci\u00e9ndola poco o nada potable<\/em> <em>en t\u00e9rminos generales y constituyendo un grave peligro para la salubridad p\u00fablica, por ser focos de infecci\u00f3n, en realidad m\u00e1s que abastecimientos de aguas, \u00fanicas que los referidos pueblos tienen disponibles y por consiguiente careciendo de agua en cantidad y calidad lleva aparejado el que los dem\u00e1s servicios relacionados con la higiene y la salubridad no puedan cumplirse ni organizarse, quedando en completo abandono y constituyendo tambi\u00e9n grandes focos de infecci\u00f3n y por ende grandes peligros como los anteriores.\u201d<\/em><\/p>\n\n\n\n<figure class=\"wp-block-image size-large\"><img loading=\"lazy\" decoding=\"async\" width=\"1024\" height=\"768\" src=\"https:\/\/villapresente.online\/wp-content\/uploads\/2023\/11\/DSCN3893-1024x768.jpg\" alt=\"\" class=\"wp-image-316\" srcset=\"https:\/\/villapresente.online\/wp-content\/uploads\/2023\/11\/DSCN3893-1024x768.jpg 1024w, https:\/\/villapresente.online\/wp-content\/uploads\/2023\/11\/DSCN3893-300x225.jpg 300w, https:\/\/villapresente.online\/wp-content\/uploads\/2023\/11\/DSCN3893-768x576.jpg 768w, https:\/\/villapresente.online\/wp-content\/uploads\/2023\/11\/DSCN3893-1536x1152.jpg 1536w, https:\/\/villapresente.online\/wp-content\/uploads\/2023\/11\/DSCN3893-2048x1536.jpg 2048w\" sizes=\"auto, (max-width: 1024px) 100vw, 1024px\" \/><figcaption class=\"wp-element-caption\"><strong>Captaci\u00f3n de agua en el r\u00edo Saja<\/strong><\/figcaption><\/figure>\n\n\n\n<p><a href=\"http:\/\/villapresente.online\/wp-content\/uploads\/2023\/11\/FUENTES-Y-MANANTIALES-rev2-1.pdf\" title=\"\">FUENTES Y MANANTIALES PDF<\/a><\/p>\n","protected":false},"excerpt":{"rendered":"<p>&nbsp;Con fecha de 28 de Septiembre de 1927 el Alcalde D. Jos\u00e9 Manuel Ruiz Cueto informa sobre la obligaci\u00f3n del Ayuntamiento de resolver el grav\u00edsimo problema del suministro de agua a los pueblos: \u201c\u2026de todos es conocida la grand\u00edsima necesidad <a class=\"more-link\" href=\"https:\/\/villapresente.online\/?page_id=315\">Seguir leyendo <span class=\"screen-reader-text\">  FUENTES Y MANANTIALES<\/span><span class=\"meta-nav\">&rarr;<\/span><\/a><\/p>\n","protected":false},"author":1,"featured_media":0,"parent":0,"menu_order":13,"comment_status":"closed","ping_status":"closed","template":"","meta":{"om_disable_all_campaigns":false,"_monsterinsights_skip_tracking":false,"_monsterinsights_sitenote_active":false,"_monsterinsights_sitenote_note":"","_monsterinsights_sitenote_category":0,"footnotes":""},"class_list":["post-315","page","type-page","status-publish","hentry"],"aioseo_notices":[],"_links":{"self":[{"href":"https:\/\/villapresente.online\/index.php?rest_route=\/wp\/v2\/pages\/315","targetHints":{"allow":["GET"]}}],"collection":[{"href":"https:\/\/villapresente.online\/index.php?rest_route=\/wp\/v2\/pages"}],"about":[{"href":"https:\/\/villapresente.online\/index.php?rest_route=\/wp\/v2\/types\/page"}],"author":[{"embeddable":true,"href":"https:\/\/villapresente.online\/index.php?rest_route=\/wp\/v2\/users\/1"}],"replies":[{"embeddable":true,"href":"https:\/\/villapresente.online\/index.php?rest_route=%2Fwp%2Fv2%2Fcomments&post=315"}],"version-history":[{"count":3,"href":"https:\/\/villapresente.online\/index.php?rest_route=\/wp\/v2\/pages\/315\/revisions"}],"predecessor-version":[{"id":505,"href":"https:\/\/villapresente.online\/index.php?rest_route=\/wp\/v2\/pages\/315\/revisions\/505"}],"wp:attachment":[{"href":"https:\/\/villapresente.online\/index.php?rest_route=%2Fwp%2Fv2%2Fmedia&parent=315"}],"curies":[{"name":"wp","href":"https:\/\/api.w.org\/{rel}","templated":true}]}}