{"id":284,"date":"2023-11-16T12:55:53","date_gmt":"2023-11-16T11:55:53","guid":{"rendered":"https:\/\/villapresente.online\/?page_id=284"},"modified":"2023-11-29T14:00:34","modified_gmt":"2023-11-29T13:00:34","slug":"el-ponton","status":"publish","type":"page","link":"https:\/\/villapresente.online\/?page_id=284","title":{"rendered":"EL PONT\u00d3N"},"content":{"rendered":"\n<p>La necesidad del hombre de cruzar el r\u00edo y ampliar su ecosistema habr\u00e1 estado presente desde los primeros tiempos de su existencia. Seguramente, el hombre que habitaba las cuevas de \u201cSanta Clotilde\u201d y \u201cla Estaci\u00f3n\u201d, junto al apeadero de Santa Isabel, cruzar\u00eda troncos de \u00e1rbol en los m\u00e1rgenes m\u00e1s estrechos de su cauce.<br>Sin lugar a duda, el tramo m\u00e1s estrecho y propicio para la construcci\u00f3n de un puente es<br>el que actualmente ocupa nuestro maltrecho \u201cPont\u00f3n\u201d, junto a la estaci\u00f3n de \u201cSanta<br>Isabel-Quijas\u201d.<br>Por desgracia, esos desfiladeros estrechos y propicios son tambi\u00e9n los tapones perfectos para el caudal del r\u00edo en tiempos de crecidas y el poder de sus aguas destruyen una y otra vez los puentes que el hombre construye.<\/p>\n\n\n\n<figure class=\"wp-block-image size-large\"><img loading=\"lazy\" decoding=\"async\" width=\"1024\" height=\"768\" src=\"https:\/\/villapresente.online\/wp-content\/uploads\/2023\/11\/DSCN1700-1024x768.jpg\" alt=\"\" class=\"wp-image-285\" srcset=\"https:\/\/villapresente.online\/wp-content\/uploads\/2023\/11\/DSCN1700-1024x768.jpg 1024w, https:\/\/villapresente.online\/wp-content\/uploads\/2023\/11\/DSCN1700-300x225.jpg 300w, https:\/\/villapresente.online\/wp-content\/uploads\/2023\/11\/DSCN1700-768x576.jpg 768w, https:\/\/villapresente.online\/wp-content\/uploads\/2023\/11\/DSCN1700-1536x1152.jpg 1536w, https:\/\/villapresente.online\/wp-content\/uploads\/2023\/11\/DSCN1700-2048x1536.jpg 2048w\" sizes=\"auto, (max-width: 1024px) 100vw, 1024px\" \/><\/figure>\n\n\n\n<p><a href=\"http:\/\/villapresente.online\/wp-content\/uploads\/2023\/11\/Ponton-1.pdf\" title=\"\">EL PONT\u00d3N PDF<\/a><\/p>\n","protected":false},"excerpt":{"rendered":"<p>La necesidad del hombre de cruzar el r\u00edo y ampliar su ecosistema habr\u00e1 estado presente desde los primeros tiempos de su existencia. Seguramente, el hombre que habitaba las cuevas de \u201cSanta Clotilde\u201d y \u201cla Estaci\u00f3n\u201d, junto al apeadero de Santa <a class=\"more-link\" href=\"https:\/\/villapresente.online\/?page_id=284\">Seguir leyendo <span class=\"screen-reader-text\">  EL PONT\u00d3N<\/span><span class=\"meta-nav\">&rarr;<\/span><\/a><\/p>\n","protected":false},"author":1,"featured_media":0,"parent":0,"menu_order":5,"comment_status":"closed","ping_status":"closed","template":"","meta":{"om_disable_all_campaigns":false,"_monsterinsights_skip_tracking":false,"_monsterinsights_sitenote_active":false,"_monsterinsights_sitenote_note":"","_monsterinsights_sitenote_category":0,"footnotes":""},"class_list":["post-284","page","type-page","status-publish","hentry"],"aioseo_notices":[],"_links":{"self":[{"href":"https:\/\/villapresente.online\/index.php?rest_route=\/wp\/v2\/pages\/284","targetHints":{"allow":["GET"]}}],"collection":[{"href":"https:\/\/villapresente.online\/index.php?rest_route=\/wp\/v2\/pages"}],"about":[{"href":"https:\/\/villapresente.online\/index.php?rest_route=\/wp\/v2\/types\/page"}],"author":[{"embeddable":true,"href":"https:\/\/villapresente.online\/index.php?rest_route=\/wp\/v2\/users\/1"}],"replies":[{"embeddable":true,"href":"https:\/\/villapresente.online\/index.php?rest_route=%2Fwp%2Fv2%2Fcomments&post=284"}],"version-history":[{"count":3,"href":"https:\/\/villapresente.online\/index.php?rest_route=\/wp\/v2\/pages\/284\/revisions"}],"predecessor-version":[{"id":483,"href":"https:\/\/villapresente.online\/index.php?rest_route=\/wp\/v2\/pages\/284\/revisions\/483"}],"wp:attachment":[{"href":"https:\/\/villapresente.online\/index.php?rest_route=%2Fwp%2Fv2%2Fmedia&parent=284"}],"curies":[{"name":"wp","href":"https:\/\/api.w.org\/{rel}","templated":true}]}}