{"id":204,"date":"2023-11-14T17:25:15","date_gmt":"2023-11-14T16:25:15","guid":{"rendered":"https:\/\/villapresente.online\/?page_id=204"},"modified":"2023-11-29T16:28:43","modified_gmt":"2023-11-29T15:28:43","slug":"el-pastor-de-cabana","status":"publish","type":"page","link":"https:\/\/villapresente.online\/?page_id=204","title":{"rendered":"EL PASTOR DE CABA\u00d1A"},"content":{"rendered":"\n<p>Entre los a\u00f1os 1842 y 1862 son varias las actas de la Junta vecinal de Villapresente que recogen los contratos del pastor de caba\u00f1a.Es un vecino del pueblo que entre el d\u00eda 1 de marzo y el 22 de mayo cuida el ganado vacuno de todos los ganaderos que deseen aprovecharse de los pastos en los terrenos comunales del pueblo, fundamentalmente del monte de la Angustina. En primavera se permit\u00eda el pastoreo de ganado vacuno favoreciendo su limpieza y mantenimiento. Cada d\u00eda, a partir de las ocho de la ma\u00f1ana, recog\u00eda el ganado en Pe\u00f1a Sebil, a la entrada del monte comunal y lo entregaba a sus due\u00f1os, frente a la ermita de la Guarda, al ponerse el sol.<\/p>\n\n\n\n<p>Uno de los temas fundamentales que se trataba en los concejos era la designaci\u00f3n del pastor para la trashumancia a los puertos en la primavera. Lo realizaban en com\u00fan los pueblos de Cerrazo, San Esteban y Villapresente.<\/p>\n\n\n\n<figure class=\"wp-block-image size-full\"><img loading=\"lazy\" decoding=\"async\" width=\"580\" height=\"345\" src=\"https:\/\/villapresente.online\/wp-content\/uploads\/2023\/11\/pastor.jpg\" alt=\"\" class=\"wp-image-207\" srcset=\"https:\/\/villapresente.online\/wp-content\/uploads\/2023\/11\/pastor.jpg 580w, https:\/\/villapresente.online\/wp-content\/uploads\/2023\/11\/pastor-300x178.jpg 300w\" sizes=\"auto, (max-width: 580px) 100vw, 580px\" \/><\/figure>\n\n\n\n<p><a href=\"http:\/\/villapresente.online\/wp-content\/uploads\/2023\/11\/EL-PASTOR-DE-CABANA-1.pdf\" title=\"\">EL PASTOR DE CABA\u00d1A PDF<\/a><\/p>\n","protected":false},"excerpt":{"rendered":"<p>Entre los a\u00f1os 1842 y 1862 son varias las actas de la Junta vecinal de Villapresente que recogen los contratos del pastor de caba\u00f1a.Es un vecino del pueblo que entre el d\u00eda 1 de marzo y el 22 de mayo <a class=\"more-link\" href=\"https:\/\/villapresente.online\/?page_id=204\">Seguir leyendo <span class=\"screen-reader-text\">  EL PASTOR DE CABA\u00d1A<\/span><span class=\"meta-nav\">&rarr;<\/span><\/a><\/p>\n","protected":false},"author":1,"featured_media":0,"parent":0,"menu_order":8,"comment_status":"closed","ping_status":"closed","template":"","meta":{"om_disable_all_campaigns":false,"_monsterinsights_skip_tracking":false,"_monsterinsights_sitenote_active":false,"_monsterinsights_sitenote_note":"","_monsterinsights_sitenote_category":0,"footnotes":""},"class_list":["post-204","page","type-page","status-publish","hentry"],"aioseo_notices":[],"_links":{"self":[{"href":"https:\/\/villapresente.online\/index.php?rest_route=\/wp\/v2\/pages\/204","targetHints":{"allow":["GET"]}}],"collection":[{"href":"https:\/\/villapresente.online\/index.php?rest_route=\/wp\/v2\/pages"}],"about":[{"href":"https:\/\/villapresente.online\/index.php?rest_route=\/wp\/v2\/types\/page"}],"author":[{"embeddable":true,"href":"https:\/\/villapresente.online\/index.php?rest_route=\/wp\/v2\/users\/1"}],"replies":[{"embeddable":true,"href":"https:\/\/villapresente.online\/index.php?rest_route=%2Fwp%2Fv2%2Fcomments&post=204"}],"version-history":[{"count":3,"href":"https:\/\/villapresente.online\/index.php?rest_route=\/wp\/v2\/pages\/204\/revisions"}],"predecessor-version":[{"id":492,"href":"https:\/\/villapresente.online\/index.php?rest_route=\/wp\/v2\/pages\/204\/revisions\/492"}],"wp:attachment":[{"href":"https:\/\/villapresente.online\/index.php?rest_route=%2Fwp%2Fv2%2Fmedia&parent=204"}],"curies":[{"name":"wp","href":"https:\/\/api.w.org\/{rel}","templated":true}]}}