{"id":174,"date":"2023-11-11T17:18:26","date_gmt":"2023-11-11T16:18:26","guid":{"rendered":"https:\/\/villapresente.online\/?page_id=174"},"modified":"2023-11-29T16:23:42","modified_gmt":"2023-11-29T15:23:42","slug":"el-rio-fantasma","status":"publish","type":"page","link":"https:\/\/villapresente.online\/?page_id=174","title":{"rendered":"EL R\u00cdO FANTASMA"},"content":{"rendered":"\n<p>Al norte de Villapresente, en sus l\u00edmites con los pueblos de Cerrazo, San Esteban y Santillana del Mar est\u00e1n los prados m\u00e1s h\u00famedos conocidos como <em>\u00abel Rociuco\u00bb<\/em>, por las continuas nieblas y escarchas matinales. Actualmente, un par de regatos de caudal variable que son el indicio de un nivel fre\u00e1tico a escasa profundidad con corrientes subterr\u00e1neas que en tiempos pasados pudieron ser superficiales y caudalosas, quiz\u00e1s el ecosistema apropiado para los hombres que habitaban \u00ab<em>Altamira<\/em>\u00ab.<\/p>\n\n\n\n<p>En los d\u00edas lluviosos del invierno, toda la zona se convierte en un gran lago que lentamente va desaguando por la cueva del \u00abRociuco\u00bb.<\/p>\n\n\n\n<figure class=\"wp-block-image size-large\"><img loading=\"lazy\" decoding=\"async\" width=\"1024\" height=\"768\" src=\"https:\/\/villapresente.online\/wp-content\/uploads\/2023\/11\/inundacion-2010-5-1024x768.jpg\" alt=\"\" class=\"wp-image-175\" srcset=\"https:\/\/villapresente.online\/wp-content\/uploads\/2023\/11\/inundacion-2010-5-1024x768.jpg 1024w, https:\/\/villapresente.online\/wp-content\/uploads\/2023\/11\/inundacion-2010-5-300x225.jpg 300w, https:\/\/villapresente.online\/wp-content\/uploads\/2023\/11\/inundacion-2010-5-768x576.jpg 768w, https:\/\/villapresente.online\/wp-content\/uploads\/2023\/11\/inundacion-2010-5-1536x1152.jpg 1536w, https:\/\/villapresente.online\/wp-content\/uploads\/2023\/11\/inundacion-2010-5-2048x1536.jpg 2048w\" sizes=\"auto, (max-width: 1024px) 100vw, 1024px\" \/><\/figure>\n\n\n\n<p><a href=\"http:\/\/villapresente.online\/wp-content\/uploads\/2023\/11\/el-rio-fantasma-pdf-1.pdf\" title=\"\">EL R\u00cdO FANTASMA PDF<\/a><\/p>\n","protected":false},"excerpt":{"rendered":"<p>Al norte de Villapresente, en sus l\u00edmites con los pueblos de Cerrazo, San Esteban y Santillana del Mar est\u00e1n los prados m\u00e1s h\u00famedos conocidos como \u00abel Rociuco\u00bb, por las continuas nieblas y escarchas matinales. Actualmente, un par de regatos de <a class=\"more-link\" href=\"https:\/\/villapresente.online\/?page_id=174\">Seguir leyendo <span class=\"screen-reader-text\">  EL R\u00cdO FANTASMA<\/span><span class=\"meta-nav\">&rarr;<\/span><\/a><\/p>\n","protected":false},"author":1,"featured_media":0,"parent":0,"menu_order":6,"comment_status":"closed","ping_status":"closed","template":"","meta":{"om_disable_all_campaigns":false,"_monsterinsights_skip_tracking":false,"_monsterinsights_sitenote_active":false,"_monsterinsights_sitenote_note":"","_monsterinsights_sitenote_category":0,"footnotes":""},"class_list":["post-174","page","type-page","status-publish","hentry"],"aioseo_notices":[],"_links":{"self":[{"href":"https:\/\/villapresente.online\/index.php?rest_route=\/wp\/v2\/pages\/174","targetHints":{"allow":["GET"]}}],"collection":[{"href":"https:\/\/villapresente.online\/index.php?rest_route=\/wp\/v2\/pages"}],"about":[{"href":"https:\/\/villapresente.online\/index.php?rest_route=\/wp\/v2\/types\/page"}],"author":[{"embeddable":true,"href":"https:\/\/villapresente.online\/index.php?rest_route=\/wp\/v2\/users\/1"}],"replies":[{"embeddable":true,"href":"https:\/\/villapresente.online\/index.php?rest_route=%2Fwp%2Fv2%2Fcomments&post=174"}],"version-history":[{"count":3,"href":"https:\/\/villapresente.online\/index.php?rest_route=\/wp\/v2\/pages\/174\/revisions"}],"predecessor-version":[{"id":486,"href":"https:\/\/villapresente.online\/index.php?rest_route=\/wp\/v2\/pages\/174\/revisions\/486"}],"wp:attachment":[{"href":"https:\/\/villapresente.online\/index.php?rest_route=%2Fwp%2Fv2%2Fmedia&parent=174"}],"curies":[{"name":"wp","href":"https:\/\/api.w.org\/{rel}","templated":true}]}}