{"id":139,"date":"2023-11-09T18:55:50","date_gmt":"2023-11-09T17:55:50","guid":{"rendered":"https:\/\/villapresente.online\/?p=139"},"modified":"2025-05-20T11:24:30","modified_gmt":"2025-05-20T09:24:30","slug":"la-buena-fe","status":"publish","type":"page","link":"https:\/\/villapresente.online\/?page_id=139","title":{"rendered":"LA BUENA FE"},"content":{"rendered":"\n<p><\/p>\n\n\n\n<p>Un acta municipal del 24 de junio de 1949 recoge la solicitud por parte de D. Jes\u00fas Saiz L\u00f3pez para la apertura de un establecimiento de bebidas en el barrio de \u00ab<em>Somaza\u00bb.<\/em><\/p>\n\n\n\n<p>En el centro de Villapresente hab\u00eda otro negocio similar atendido por <em>\u201cLeoncio\u201d<\/em>, del que hemos hablado en la entrada anterior. En ambas tiendas de ultramarinos se vend\u00edan los productos m\u00e1s demandados: aceite, patatas, legumbres, piensos, latas de conservas, etc.; los hombres iban a tomar sus blancos de solera, a echar sus partidas de cartas y a hablar un poco con los vecinos. <\/p>\n\n\n\n<p>Por esas fechas compraron el negocio D. Fidel Mart\u00ednez Azcona y su esposa D\u00aa Marina Fern\u00e1ndez P\u00e9rez.  Marina adem\u00e1s de atender la casa y a su hijo Carlos era la tabernera y tendera. Fidel realizaba trabajos m\u00faltiples: con la bicicleta y un remolque bajaba hasta Torrelavega a buscar el g\u00e9nero para vender y la ayudaba en la tienda.<\/p>\n\n\n\n<p>La tienda permanece abierta hasta 1987, atendida ya en los \u00faltimos a\u00f1os por su hijo Carlos.<\/p>\n\n\n\n<figure class=\"wp-block-image size-large\"><img loading=\"lazy\" decoding=\"async\" width=\"1024\" height=\"665\" src=\"https:\/\/villapresente.online\/wp-content\/uploads\/2023\/11\/C59-1024x665.jpg\" alt=\"\" class=\"wp-image-140\" srcset=\"https:\/\/villapresente.online\/wp-content\/uploads\/2023\/11\/C59-1024x665.jpg 1024w, https:\/\/villapresente.online\/wp-content\/uploads\/2023\/11\/C59-300x195.jpg 300w, https:\/\/villapresente.online\/wp-content\/uploads\/2023\/11\/C59-768x499.jpg 768w, https:\/\/villapresente.online\/wp-content\/uploads\/2023\/11\/C59-1536x998.jpg 1536w, https:\/\/villapresente.online\/wp-content\/uploads\/2023\/11\/C59-2048x1331.jpg 2048w\" sizes=\"auto, (max-width: 1024px) 100vw, 1024px\" \/><figcaption class=\"wp-element-caption\"><strong>Marina y Fidel en su tienda de \u00abLa Buena Fe\u00bb<\/strong><\/figcaption><\/figure>\n\n\n\n<p><a href=\"http:\/\/villapresente.online\/wp-content\/uploads\/2023\/11\/LA-BUENA-FE-1.pdf\" title=\"\">PDF \u00abLa buena fe\u00bb<\/a><\/p>\n\n\n\n<p><a href=\"http:\/\/villapresente.online\/wp-content\/uploads\/2023\/12\/GALERIA-La-Buena-Fe-1.pdf\" title=\"\">GALER\u00cdA \u00abLa Buena Fe\u00bb<\/a><\/p>\n","protected":false},"excerpt":{"rendered":"<p>Un acta municipal del 24 de junio de 1949 recoge la solicitud por parte de D. Jes\u00fas Saiz L\u00f3pez para la apertura de un establecimiento de bebidas en el barrio de \u00abSomaza\u00bb. En el centro de Villapresente hab\u00eda otro negocio <a class=\"more-link\" href=\"https:\/\/villapresente.online\/?page_id=139\">Seguir leyendo <span class=\"screen-reader-text\">  LA BUENA FE<\/span><span class=\"meta-nav\">&rarr;<\/span><\/a><\/p>\n","protected":false},"author":1,"featured_media":0,"parent":0,"menu_order":7,"comment_status":"closed","ping_status":"closed","template":"","meta":{"om_disable_all_campaigns":false,"_monsterinsights_skip_tracking":false,"_monsterinsights_sitenote_active":false,"_monsterinsights_sitenote_note":"","_monsterinsights_sitenote_category":0,"footnotes":""},"class_list":["post-139","page","type-page","status-publish","hentry"],"aioseo_notices":[],"_links":{"self":[{"href":"https:\/\/villapresente.online\/index.php?rest_route=\/wp\/v2\/pages\/139","targetHints":{"allow":["GET"]}}],"collection":[{"href":"https:\/\/villapresente.online\/index.php?rest_route=\/wp\/v2\/pages"}],"about":[{"href":"https:\/\/villapresente.online\/index.php?rest_route=\/wp\/v2\/types\/page"}],"author":[{"embeddable":true,"href":"https:\/\/villapresente.online\/index.php?rest_route=\/wp\/v2\/users\/1"}],"replies":[{"embeddable":true,"href":"https:\/\/villapresente.online\/index.php?rest_route=%2Fwp%2Fv2%2Fcomments&post=139"}],"version-history":[{"count":12,"href":"https:\/\/villapresente.online\/index.php?rest_route=\/wp\/v2\/pages\/139\/revisions"}],"predecessor-version":[{"id":1034,"href":"https:\/\/villapresente.online\/index.php?rest_route=\/wp\/v2\/pages\/139\/revisions\/1034"}],"wp:attachment":[{"href":"https:\/\/villapresente.online\/index.php?rest_route=%2Fwp%2Fv2%2Fmedia&parent=139"}],"curies":[{"name":"wp","href":"https:\/\/api.w.org\/{rel}","templated":true}]}}