{"id":129,"date":"2023-11-07T21:37:48","date_gmt":"2023-11-07T20:37:48","guid":{"rendered":"https:\/\/villapresente.online\/?p=129"},"modified":"2024-04-17T15:56:05","modified_gmt":"2024-04-17T13:56:05","slug":"la-tienda-de-leoncio","status":"publish","type":"page","link":"https:\/\/villapresente.online\/?page_id=129","title":{"rendered":"LA TIENDA DE LEONCIO"},"content":{"rendered":"\n<p>Para los de mi generaci\u00f3n, \u201c<em>la tienda de Leoncio\u201d <\/em>fue <em>\u201cla tienda de Jos\u00e9 Mar\u00eda\u201d, <\/em>el hijo de Leoncio, pero dos generaciones antes, la tienda de ultramarinos era regentada ya por una se\u00f1ora en cuya casa serv\u00eda Asunci\u00f3n Guti\u00e9rrez Ore\u00f1a, la madre de Leoncio.<\/p>\n\n\n\n<p>Sucedi\u00f3 un echo luctuoso, sin demasiados datos en la memoria, y fue que la due\u00f1a se suicid\u00f3, peg\u00e1ndose un tiro bajo \u201c<em>la pe\u00f1ona de los Bustamante\u201d<\/em>, pasando la propiedad y el negocio a manos de Asunci\u00f3n, con lo cual estamos remontando su apertura al siglo XIX. Aunque ella era el alma del negocio, todos lo conoc\u00edan como <em>\u201cel restaurante de Ezequiel\u201d, <\/em>su marido, de profesi\u00f3n serr\u00f3n.<\/p>\n\n\n\n<p>En la tienda de ultramarinos, heredada por su hijo Leoncio,  se vend\u00eda tabaco, calderos, embutidos, morcillas, licores, art\u00edculos de mercer\u00eda, alpargatas de esparto, comida de animales, conservas, membrillo y otros productos b\u00e1sicos. A la vez, todas las tardes los hombres acud\u00edan a echar sus partidas de cartas o domin\u00f3  y socializaban con sus vecinos.<\/p>\n\n\n\n<p>Hasta 1980 el negocio continu\u00f3 abierto y atendido por su hijo Jos\u00e9 Mar\u00eda y su esposa Consuelo,<\/p>\n\n\n\n<figure class=\"wp-block-image size-large\"><img loading=\"lazy\" decoding=\"async\" width=\"1018\" height=\"1024\" src=\"https:\/\/villapresente.online\/wp-content\/uploads\/2023\/11\/2bUbTbNmxYevZsMG2FCXv8CtEXRux1GG0TeKkWDDDyY_plaintext_638193290197680778-1018x1024.jpg\" alt=\"\" class=\"wp-image-223\" srcset=\"https:\/\/villapresente.online\/wp-content\/uploads\/2023\/11\/2bUbTbNmxYevZsMG2FCXv8CtEXRux1GG0TeKkWDDDyY_plaintext_638193290197680778-1018x1024.jpg 1018w, https:\/\/villapresente.online\/wp-content\/uploads\/2023\/11\/2bUbTbNmxYevZsMG2FCXv8CtEXRux1GG0TeKkWDDDyY_plaintext_638193290197680778-298x300.jpg 298w, https:\/\/villapresente.online\/wp-content\/uploads\/2023\/11\/2bUbTbNmxYevZsMG2FCXv8CtEXRux1GG0TeKkWDDDyY_plaintext_638193290197680778-150x150.jpg 150w, https:\/\/villapresente.online\/wp-content\/uploads\/2023\/11\/2bUbTbNmxYevZsMG2FCXv8CtEXRux1GG0TeKkWDDDyY_plaintext_638193290197680778-768x773.jpg 768w, https:\/\/villapresente.online\/wp-content\/uploads\/2023\/11\/2bUbTbNmxYevZsMG2FCXv8CtEXRux1GG0TeKkWDDDyY_plaintext_638193290197680778-1526x1536.jpg 1526w, https:\/\/villapresente.online\/wp-content\/uploads\/2023\/11\/2bUbTbNmxYevZsMG2FCXv8CtEXRux1GG0TeKkWDDDyY_plaintext_638193290197680778.jpg 1590w\" sizes=\"auto, (max-width: 1018px) 100vw, 1018px\" \/><\/figure>\n\n\n\n<p><a href=\"http:\/\/villapresente.online\/wp-content\/uploads\/2023\/11\/LEONCIO-1.pdf\" title=\"\">VER PDF<\/a><\/p>\n\n\n\n<p><a href=\"http:\/\/villapresente.online\/wp-content\/uploads\/2024\/02\/GALERIA-LEONCIO.pdf\" title=\"\">GALER\u00cdA LEONCIO<\/a><\/p>\n","protected":false},"excerpt":{"rendered":"<p>Para los de mi generaci\u00f3n, \u201cla tienda de Leoncio\u201d fue \u201cla tienda de Jos\u00e9 Mar\u00eda\u201d, el hijo de Leoncio, pero dos generaciones antes, la tienda de ultramarinos era regentada ya por una se\u00f1ora en cuya casa serv\u00eda Asunci\u00f3n Guti\u00e9rrez Ore\u00f1a, <a class=\"more-link\" href=\"https:\/\/villapresente.online\/?page_id=129\">Seguir leyendo <span class=\"screen-reader-text\">  LA TIENDA DE LEONCIO<\/span><span class=\"meta-nav\">&rarr;<\/span><\/a><\/p>\n","protected":false},"author":1,"featured_media":0,"parent":0,"menu_order":12,"comment_status":"closed","ping_status":"closed","template":"","meta":{"om_disable_all_campaigns":false,"_monsterinsights_skip_tracking":false,"_monsterinsights_sitenote_active":false,"_monsterinsights_sitenote_note":"","_monsterinsights_sitenote_category":0,"footnotes":""},"class_list":["post-129","page","type-page","status-publish","hentry"],"aioseo_notices":[],"_links":{"self":[{"href":"https:\/\/villapresente.online\/index.php?rest_route=\/wp\/v2\/pages\/129","targetHints":{"allow":["GET"]}}],"collection":[{"href":"https:\/\/villapresente.online\/index.php?rest_route=\/wp\/v2\/pages"}],"about":[{"href":"https:\/\/villapresente.online\/index.php?rest_route=\/wp\/v2\/types\/page"}],"author":[{"embeddable":true,"href":"https:\/\/villapresente.online\/index.php?rest_route=\/wp\/v2\/users\/1"}],"replies":[{"embeddable":true,"href":"https:\/\/villapresente.online\/index.php?rest_route=%2Fwp%2Fv2%2Fcomments&post=129"}],"version-history":[{"count":13,"href":"https:\/\/villapresente.online\/index.php?rest_route=\/wp\/v2\/pages\/129\/revisions"}],"predecessor-version":[{"id":703,"href":"https:\/\/villapresente.online\/index.php?rest_route=\/wp\/v2\/pages\/129\/revisions\/703"}],"wp:attachment":[{"href":"https:\/\/villapresente.online\/index.php?rest_route=%2Fwp%2Fv2%2Fmedia&parent=129"}],"curies":[{"name":"wp","href":"https:\/\/api.w.org\/{rel}","templated":true}]}}