{"id":110,"date":"2023-11-02T12:02:32","date_gmt":"2023-11-02T11:02:32","guid":{"rendered":"https:\/\/villapresente.online\/?p=110"},"modified":"2024-05-04T10:43:21","modified_gmt":"2024-05-04T08:43:21","slug":"heroes-de-la-posguerra","status":"publish","type":"page","link":"https:\/\/villapresente.online\/?page_id=110","title":{"rendered":"H\u00c9ROES DE LA POSGUERRA"},"content":{"rendered":"\n<p><em>\u201cLa Guerra Civil Espa\u00f1ola\u201d <\/em>deja al pa\u00eds en una penuria econ\u00f3mica dif\u00edcilmente soportable con los racionamientos y alguna otra medida social de la Dictadura. Fue el esfuerzo supremo de los hombres y mujeres que malviv\u00edan en los pueblos y ciudades, tratando de olvidar resentimientos y venganzas para dedicarse exclusivamente a rehacer sus hogares y sus vidas. Son los <em>\u201ch\u00e9roes de la posguerra\u201d.<\/em><\/p>\n\n\n\n<p>En toda la zona rural de la geograf\u00eda c\u00e1ntabra abundaba una econom\u00eda de tipo mixto en la que se simultaneaba el trabajo en el sector secundario (industria) con el primario (agricultura y ganader\u00eda), complementando, de esa manera, sus modestas n\u00f3minas. Hoy quiero rendir tributo y honores a esos \u201cobreros mixtos\u201d que levantaron el pa\u00eds con su esfuerzo y su trabajo<\/p>\n\n\n\n<figure class=\"wp-block-image size-large\"><img loading=\"lazy\" decoding=\"async\" width=\"1024\" height=\"756\" src=\"https:\/\/villapresente.online\/wp-content\/uploads\/2023\/11\/PN5a-copia-1-1024x756.jpg\" alt=\"\" class=\"wp-image-201\" srcset=\"https:\/\/villapresente.online\/wp-content\/uploads\/2023\/11\/PN5a-copia-1-1024x756.jpg 1024w, https:\/\/villapresente.online\/wp-content\/uploads\/2023\/11\/PN5a-copia-1-300x221.jpg 300w, https:\/\/villapresente.online\/wp-content\/uploads\/2023\/11\/PN5a-copia-1-768x567.jpg 768w, https:\/\/villapresente.online\/wp-content\/uploads\/2023\/11\/PN5a-copia-1-1536x1134.jpg 1536w, https:\/\/villapresente.online\/wp-content\/uploads\/2023\/11\/PN5a-copia-1-2048x1512.jpg 2048w\" sizes=\"auto, (max-width: 1024px) 100vw, 1024px\" \/><figcaption class=\"wp-element-caption\"><strong>Jos\u00e9 Fern\u00e1ndez Rubio  (\u00abPepe\u00bb<\/strong>)<\/figcaption><\/figure>\n\n\n\n<p><a href=\"http:\/\/villapresente.online\/wp-content\/uploads\/2023\/11\/HEROES-DE-LA-POSGUERRA-1.pdf\" title=\"\">H\u00c9ROES DE LA POSGUERRA PDF<\/a><\/p>\n","protected":false},"excerpt":{"rendered":"<p>\u201cLa Guerra Civil Espa\u00f1ola\u201d deja al pa\u00eds en una penuria econ\u00f3mica dif\u00edcilmente soportable con los racionamientos y alguna otra medida social de la Dictadura. Fue el esfuerzo supremo de los hombres y mujeres que malviv\u00edan en los pueblos y ciudades, <a class=\"more-link\" href=\"https:\/\/villapresente.online\/?page_id=110\">Seguir leyendo <span class=\"screen-reader-text\">  H\u00c9ROES DE LA POSGUERRA<\/span><span class=\"meta-nav\">&rarr;<\/span><\/a><\/p>\n","protected":false},"author":1,"featured_media":0,"parent":0,"menu_order":4,"comment_status":"closed","ping_status":"closed","template":"","meta":{"om_disable_all_campaigns":false,"_monsterinsights_skip_tracking":false,"_monsterinsights_sitenote_active":false,"_monsterinsights_sitenote_note":"","_monsterinsights_sitenote_category":0,"footnotes":""},"class_list":["post-110","page","type-page","status-publish","hentry"],"aioseo_notices":[],"_links":{"self":[{"href":"https:\/\/villapresente.online\/index.php?rest_route=\/wp\/v2\/pages\/110","targetHints":{"allow":["GET"]}}],"collection":[{"href":"https:\/\/villapresente.online\/index.php?rest_route=\/wp\/v2\/pages"}],"about":[{"href":"https:\/\/villapresente.online\/index.php?rest_route=\/wp\/v2\/types\/page"}],"author":[{"embeddable":true,"href":"https:\/\/villapresente.online\/index.php?rest_route=\/wp\/v2\/users\/1"}],"replies":[{"embeddable":true,"href":"https:\/\/villapresente.online\/index.php?rest_route=%2Fwp%2Fv2%2Fcomments&post=110"}],"version-history":[{"count":6,"href":"https:\/\/villapresente.online\/index.php?rest_route=\/wp\/v2\/pages\/110\/revisions"}],"predecessor-version":[{"id":468,"href":"https:\/\/villapresente.online\/index.php?rest_route=\/wp\/v2\/pages\/110\/revisions\/468"}],"wp:attachment":[{"href":"https:\/\/villapresente.online\/index.php?rest_route=%2Fwp%2Fv2%2Fmedia&parent=110"}],"curies":[{"name":"wp","href":"https:\/\/api.w.org\/{rel}","templated":true}]}}